{"id":57,"date":"2022-10-05T17:01:59","date_gmt":"2022-10-05T15:01:59","guid":{"rendered":"https:\/\/studienstiftung.kd-files.de\/?page_id=57"},"modified":"2023-10-23T16:26:57","modified_gmt":"2023-10-23T14:26:57","slug":"organisation","status":"publish","type":"page","link":"https:\/\/studienstiftung.kd-files.de\/?page_id=57","title":{"rendered":"Organisation"},"content":{"rendered":"\t\t<div data-elementor-type=\"wp-page\" data-elementor-id=\"57\" class=\"elementor elementor-57\" data-elementor-post-type=\"page\">\n\t\t\t\t\t\t\t\t\t<section class=\"elementor-section elementor-top-section elementor-element elementor-element-5b37d9ec elementor-section-height-min-height elementor-section-boxed elementor-section-height-default elementor-section-items-middle\" data-id=\"5b37d9ec\" data-element_type=\"section\" data-settings=\"{&quot;background_background&quot;:&quot;classic&quot;}\">\n\t\t\t\t\t\t<div class=\"elementor-container elementor-column-gap-no\">\n\t\t\t\t\t<div class=\"elementor-column elementor-col-100 elementor-top-column elementor-element elementor-element-6ae6418\" data-id=\"6ae6418\" data-element_type=\"column\" data-settings=\"{&quot;background_background&quot;:&quot;classic&quot;}\">\n\t\t\t<div class=\"elementor-widget-wrap elementor-element-populated\">\n\t\t\t\t\t\t\t\t<div class=\"elementor-element elementor-element-68da6cf5 elementor-widget elementor-widget-heading\" data-id=\"68da6cf5\" data-element_type=\"widget\" data-widget_type=\"heading.default\">\n\t\t\t\t<div class=\"elementor-widget-container\">\n\t\t\t<style>\/*! elementor - v3.17.0 - 25-10-2023 *\/\n.elementor-heading-title{padding:0;margin:0;line-height:1}.elementor-widget-heading .elementor-heading-title[class*=elementor-size-]>a{color:inherit;font-size:inherit;line-height:inherit}.elementor-widget-heading .elementor-heading-title.elementor-size-small{font-size:15px}.elementor-widget-heading .elementor-heading-title.elementor-size-medium{font-size:19px}.elementor-widget-heading .elementor-heading-title.elementor-size-large{font-size:29px}.elementor-widget-heading .elementor-heading-title.elementor-size-xl{font-size:39px}.elementor-widget-heading .elementor-heading-title.elementor-size-xxl{font-size:59px}<\/style><h2 class=\"elementor-heading-title elementor-size-default\">Ertr\u00e4ge flie\u00dfen bei uns in die F\u00f6rderung \u2013 nicht in die Verwaltung<\/h2>\t\t<\/div>\n\t\t\t\t<\/div>\n\t\t\t\t\t<\/div>\n\t\t<\/div>\n\t\t\t\t\t\t\t<\/div>\n\t\t<\/section>\n\t\t\t\t<section class=\"elementor-section elementor-top-section elementor-element elementor-element-5c5ef4fe elementor-reverse-mobile elementor-section-boxed elementor-section-height-default elementor-section-height-default\" data-id=\"5c5ef4fe\" data-element_type=\"section\">\n\t\t\t\t\t\t<div class=\"elementor-container elementor-column-gap-default\">\n\t\t\t\t\t<div class=\"elementor-column elementor-col-50 elementor-top-column elementor-element elementor-element-69643dcc\" data-id=\"69643dcc\" data-element_type=\"column\">\n\t\t\t<div class=\"elementor-widget-wrap elementor-element-populated\">\n\t\t\t\t\t\t\t\t<div class=\"elementor-element elementor-element-7df5ad93 elementor-widget elementor-widget-heading\" data-id=\"7df5ad93\" data-element_type=\"widget\" data-widget_type=\"heading.default\">\n\t\t\t\t<div class=\"elementor-widget-container\">\n\t\t\t<h2 class=\"elementor-heading-title elementor-size-default\">Wie die Studienstiftung H\u00fctte Stuttgart organisiert ist<\/h2>\t\t<\/div>\n\t\t\t\t<\/div>\n\t\t\t\t<div class=\"elementor-element elementor-element-427ce6a3 elementor-widget elementor-widget-text-editor\" data-id=\"427ce6a3\" data-element_type=\"widget\" data-widget_type=\"text-editor.default\">\n\t\t\t\t<div class=\"elementor-widget-container\">\n\t\t\t<style>\/*! elementor - v3.17.0 - 25-10-2023 *\/\n.elementor-widget-text-editor.elementor-drop-cap-view-stacked .elementor-drop-cap{background-color:#69727d;color:#fff}.elementor-widget-text-editor.elementor-drop-cap-view-framed .elementor-drop-cap{color:#69727d;border:3px solid;background-color:transparent}.elementor-widget-text-editor:not(.elementor-drop-cap-view-default) .elementor-drop-cap{margin-top:8px}.elementor-widget-text-editor:not(.elementor-drop-cap-view-default) .elementor-drop-cap-letter{width:1em;height:1em}.elementor-widget-text-editor .elementor-drop-cap{float:left;text-align:center;line-height:1;font-size:50px}.elementor-widget-text-editor .elementor-drop-cap-letter{display:inline-block}<\/style>\t\t\t\t<p>Um den Verwaltungsaufwand m\u00f6glichst klein zu halten setzen wir auf die bestehende und bew\u00e4hrte Organisation des bereits als gemeinn\u00fctzig anerkannten <a href=\"https:\/\/www.huette-stuttgart.de\/\" target=\"_blank\" rel=\"noopener\">Akademischen Vereins H\u00fctte Stuttgart<\/a>. Diese 1870 gegr\u00fcndete akademische Vereinigung verfolgt seit ihrer Gr\u00fcndung eine mit der Studienstiftung kongruente Zielsetzung. Die Mitglieder des AV H\u00fctte sind bereit &#8211; gemeinsam mit interessierten Stiftern &#8211; ehrenamtlich im Kuratorium oder im Vorstand der Stiftung t\u00e4tig zu sein.<\/p><p>Sie tragen Sorgfalt daf\u00fcr, dass alle Ertr\u00e4ge aus dem Stiftungskapital ohne gro\u00dfe Verwaltungs- und Nebenkosten voll und ganz dem Stiftungszweck zugute kommen. Offen, ehrlich und effizient kontrolliert.<\/p>\t\t\t\t\t\t<\/div>\n\t\t\t\t<\/div>\n\t\t\t\t\t<\/div>\n\t\t<\/div>\n\t\t\t\t<div class=\"elementor-column elementor-col-50 elementor-top-column elementor-element elementor-element-213bed45\" data-id=\"213bed45\" data-element_type=\"column\" data-settings=\"{&quot;motion_fx_motion_fx_scrolling&quot;:&quot;yes&quot;,&quot;motion_fx_translateY_effect&quot;:&quot;yes&quot;,&quot;motion_fx_devices&quot;:[&quot;desktop&quot;,&quot;tablet&quot;],&quot;motion_fx_translateY_speed&quot;:{&quot;unit&quot;:&quot;px&quot;,&quot;size&quot;:4,&quot;sizes&quot;:[]},&quot;motion_fx_translateY_affectedRange&quot;:{&quot;unit&quot;:&quot;%&quot;,&quot;size&quot;:&quot;&quot;,&quot;sizes&quot;:{&quot;start&quot;:0,&quot;end&quot;:100}}}\">\n\t\t\t<div class=\"elementor-widget-wrap elementor-element-populated\">\n\t\t\t\t\t\t\t\t<div class=\"elementor-element elementor-element-47eb30c4 elementor-view-framed elementor-shape-circle elementor-widget elementor-widget-icon\" data-id=\"47eb30c4\" data-element_type=\"widget\" data-widget_type=\"icon.default\">\n\t\t\t\t<div class=\"elementor-widget-container\">\n\t\t\t\t\t<div class=\"elementor-icon-wrapper\">\n\t\t\t<div class=\"elementor-icon\">\n\t\t\t<svg xmlns=\"http:\/\/www.w3.org\/2000\/svg\" id=\"_x33_0\" height=\"512\" viewBox=\"0 0 64 64\" width=\"512\"><g><circle cx=\"8\" cy=\"6\" r=\"4\"><\/circle><circle cx=\"20\" cy=\"6\" r=\"4\"><\/circle><path d=\"m30 28c0-2.209-1.791-4-4-4-1.862 0-3.413 1.278-3.859 3h-7.141v-11h11c0-3.314-2.686-6-6-6-2.972 0-5.433 2.163-5.91 5h-.18c-.477-2.837-2.938-5-5.91-5-3.314 0-6 2.686-6 6h11v13h9.141c.446 1.722 1.997 3 3.859 3 2.209 0 4-1.791 4-4z\"><\/path><path d=\"m41.859 29h9.141v-13h11c0-3.314-2.686-6-6-6-2.972 0-5.433 2.163-5.91 5h-.18c-.477-2.837-2.938-5-5.91-5-3.314 0-6 2.686-6 6h11v11h-7.141c-.446-1.722-1.997-3-3.859-3-2.209 0-4 1.791-4 4s1.791 4 4 4c1.862 0 3.412-1.278 3.859-3z\"><\/path><path d=\"m2 62h12c0-3.314-2.686-6-6-6s-6 2.686-6 6z\"><\/path><path d=\"m26 62h12c0-3.314-2.686-6-6-6s-6 2.686-6 6z\"><\/path><path d=\"m60 52c0-1.862-1.278-3.413-3-3.859v-7.141h-24v-3h11c0-3.314-2.686-6-6-6-2.972 0-5.433 2.163-5.91 5h-.18c-.477-2.837-2.938-5-5.91-5-3.314 0-6 2.686-6 6h11v3h-24v7.141c-1.722.446-3 1.997-3 3.859 0 2.209 1.791 4 4 4s4-1.791 4-4c0-1.862-1.278-3.413-3-3.859v-4.856h22v4.856c-1.722.446-3 1.997-3 3.859 0 2.209 1.791 4 4 4s4-1.791 4-4c0-1.862-1.278-3.413-3-3.859v-4.856h22v4.856c-1.722.446-3 1.997-3 3.859 0 2.209 1.791 4 4 4s4-1.791 4-4z\"><\/path><path d=\"m56 56c-3.314 0-6 2.686-6 6h12c0-3.314-2.686-6-6-6z\"><\/path><circle cx=\"44\" cy=\"6\" r=\"4\"><\/circle><circle cx=\"56\" cy=\"6\" r=\"4\"><\/circle><\/g><\/svg>\t\t\t<\/div>\n\t\t<\/div>\n\t\t\t\t<\/div>\n\t\t\t\t<\/div>\n\t\t\t\t\t<\/div>\n\t\t<\/div>\n\t\t\t\t\t\t\t<\/div>\n\t\t<\/section>\n\t\t\t\t<section class=\"elementor-section elementor-top-section elementor-element elementor-element-3d58cae1 elementor-section-boxed elementor-section-height-default elementor-section-height-default\" data-id=\"3d58cae1\" data-element_type=\"section\" data-settings=\"{&quot;background_background&quot;:&quot;classic&quot;}\">\n\t\t\t\t\t\t<div class=\"elementor-container elementor-column-gap-default\">\n\t\t\t\t\t<div class=\"elementor-column elementor-col-50 elementor-top-column elementor-element elementor-element-6d46f670\" data-id=\"6d46f670\" data-element_type=\"column\" data-settings=\"{&quot;motion_fx_motion_fx_scrolling&quot;:&quot;yes&quot;,&quot;motion_fx_translateY_effect&quot;:&quot;yes&quot;,&quot;motion_fx_devices&quot;:[&quot;desktop&quot;,&quot;tablet&quot;],&quot;motion_fx_translateY_speed&quot;:{&quot;unit&quot;:&quot;px&quot;,&quot;size&quot;:4,&quot;sizes&quot;:[]},&quot;motion_fx_translateY_affectedRange&quot;:{&quot;unit&quot;:&quot;%&quot;,&quot;size&quot;:&quot;&quot;,&quot;sizes&quot;:{&quot;start&quot;:0,&quot;end&quot;:100}}}\">\n\t\t\t<div class=\"elementor-widget-wrap elementor-element-populated\">\n\t\t\t\t\t\t\t\t<div class=\"elementor-element elementor-element-3f289d6d elementor-view-framed elementor-shape-circle elementor-widget elementor-widget-icon\" data-id=\"3f289d6d\" data-element_type=\"widget\" data-widget_type=\"icon.default\">\n\t\t\t\t<div class=\"elementor-widget-container\">\n\t\t\t\t\t<div class=\"elementor-icon-wrapper\">\n\t\t\t<div class=\"elementor-icon\">\n\t\t\t<svg xmlns=\"http:\/\/www.w3.org\/2000\/svg\" id=\"Capa_1\" height=\"512\" viewBox=\"0 0 512 512\" width=\"512\"><g><circle cx=\"89\" cy=\"264.25\" r=\"59.75\"><\/circle><circle cx=\"421\" cy=\"264.25\" r=\"59.75\"><\/circle><path d=\"m382.396 333.306c14.936 23.314 23.604 51.01 23.604 80.694v60h91c8.284 0 15-6.716 15-15v-45c0-67.001-70.768-110.046-129.604-80.694z\"><\/path><path d=\"m0 415.148v43.852c0 8.284 6.716 15 15 15h91v-60c0-29.719 8.687-57.446 23.656-80.777-59.816-29.485-129.656 14.72-129.656 81.925z\"><\/path><path d=\"m256 294c-66.274 0-120 53.726-120 120v60c0 8.284 6.716 15 15 15h210c8.284 0 15-6.716 15-15v-60c0-66.274-53.726-120-120-120z\"><\/path><path d=\"m230.894 108.607c5.857 5.858 15.355 5.859 21.213 0l60-60c5.858-5.858 5.858-15.355 0-21.213-5.857-5.858-15.355-5.858-21.213 0l-49.394 49.393-20.394-20.393c-5.857-5.858-15.355-5.858-21.213 0s-5.858 15.355 0 21.213z\"><\/path><circle cx=\"256\" cy=\"219\" r=\"75\"><\/circle><\/g><\/svg>\t\t\t<\/div>\n\t\t<\/div>\n\t\t\t\t<\/div>\n\t\t\t\t<\/div>\n\t\t\t\t\t<\/div>\n\t\t<\/div>\n\t\t\t\t<div class=\"elementor-column elementor-col-50 elementor-top-column elementor-element elementor-element-edababa\" data-id=\"edababa\" data-element_type=\"column\">\n\t\t\t<div class=\"elementor-widget-wrap elementor-element-populated\">\n\t\t\t\t\t\t\t\t<div class=\"elementor-element elementor-element-4b5c8cef elementor-widget elementor-widget-heading\" data-id=\"4b5c8cef\" data-element_type=\"widget\" data-widget_type=\"heading.default\">\n\t\t\t\t<div class=\"elementor-widget-container\">\n\t\t\t<h2 class=\"elementor-heading-title elementor-size-default\">Auswahl unserer Stipendiatinnen und Stipendiaten<\/h2>\t\t<\/div>\n\t\t\t\t<\/div>\n\t\t\t\t<div class=\"elementor-element elementor-element-51fa4f12 elementor-widget elementor-widget-text-editor\" data-id=\"51fa4f12\" data-element_type=\"widget\" data-widget_type=\"text-editor.default\">\n\t\t\t\t<div class=\"elementor-widget-container\">\n\t\t\t\t\t\t\t<p>Auch bei der Auswahl unserer Stipendiaten und der Verwendung unserer Stiftungsmittel sch\u00e4tzen wir die Effizienz und arbeiten deshalb eng mit dieser bew\u00e4hrten Organisation zusammen.\u00a0<a href=\"https:\/\/studienstiftung.kd-files.de\/?page_id=61\">Informieren Sie sich hier dar\u00fcber, wie Sie Stipendiat\/in der Studienstiftung werden k\u00f6nnen.<\/a><\/p>\t\t\t\t\t\t<\/div>\n\t\t\t\t<\/div>\n\t\t\t\t\t<\/div>\n\t\t<\/div>\n\t\t\t\t\t\t\t<\/div>\n\t\t<\/section>\n\t\t\t\t<section class=\"elementor-section elementor-top-section elementor-element elementor-element-3e117e48 elementor-reverse-mobile elementor-section-boxed elementor-section-height-default elementor-section-height-default\" data-id=\"3e117e48\" data-element_type=\"section\">\n\t\t\t\t\t\t<div class=\"elementor-container elementor-column-gap-default\">\n\t\t\t\t\t<div class=\"elementor-column elementor-col-50 elementor-top-column elementor-element elementor-element-6c89c287\" data-id=\"6c89c287\" data-element_type=\"column\">\n\t\t\t<div class=\"elementor-widget-wrap elementor-element-populated\">\n\t\t\t\t\t\t\t\t<div class=\"elementor-element elementor-element-36f62704 elementor-widget elementor-widget-heading\" data-id=\"36f62704\" data-element_type=\"widget\" data-widget_type=\"heading.default\">\n\t\t\t\t<div class=\"elementor-widget-container\">\n\t\t\t<h2 class=\"elementor-heading-title elementor-size-default\">Unsere Grunds\u00e4tze <\/h2>\t\t<\/div>\n\t\t\t\t<\/div>\n\t\t\t\t<div class=\"elementor-element elementor-element-34219852 elementor-widget elementor-widget-text-editor\" data-id=\"34219852\" data-element_type=\"widget\" data-widget_type=\"text-editor.default\">\n\t\t\t\t<div class=\"elementor-widget-container\">\n\t\t\t\t\t\t\t<p>Die Studienstiftung H\u00fctte Stuttgart bekennt sich zu den &#8222;Grunds\u00e4tzen guter Stiftungspraxis&#8220; des Bundesverbandes Deutscher Stiftungen und wendet diese an. Immer mehr Stiftungen gestalten ihre Stiftungsarbeit entsprechend den Grunds\u00e4tzen guter Stiftungspraxis, die am 11. Mai 2006 von der Mitgliederversammlung des Bundesverbandes Deutscher Stiftungen einhellig verabschiedet worden sind.\u00a0Die Grunds\u00e4tze bieten einen klaren Orientierungsrahmen f\u00fcr effektives und uneigenn\u00fctziges Stiftungshandeln und gelten f\u00fcr alle gemeinwohlorientierten Stiftungen, unabh\u00e4ngig davon, in welcher Rechtsform sie verfasst worden sind. Zu ihren wichtigsten Aussagen z\u00e4hlt das Transparenzangebot, welches verdeutlicht, dass die Bereitstellung von Informationen ein Ausdruck der origin\u00e4ren Verantwortung jeder gemeinn\u00fctzigen Organisation gegen\u00fcber der Gesellschaft ist.<\/p><p><a href=\"https:\/\/issuu.com\/bundesverband\/\u00addocs\/grundsaetze_2013\" target=\"_blank\" rel=\"noopener\">https:\/\/issuu.com\/bundesverband\/<wbr \/>docs\/grundsaetze_2013<\/a><\/p>\t\t\t\t\t\t<\/div>\n\t\t\t\t<\/div>\n\t\t\t\t\t<\/div>\n\t\t<\/div>\n\t\t\t\t<div class=\"elementor-column elementor-col-50 elementor-top-column elementor-element elementor-element-10e5a4a8\" data-id=\"10e5a4a8\" data-element_type=\"column\" data-settings=\"{&quot;motion_fx_motion_fx_scrolling&quot;:&quot;yes&quot;,&quot;motion_fx_translateY_effect&quot;:&quot;yes&quot;,&quot;motion_fx_devices&quot;:[&quot;desktop&quot;,&quot;tablet&quot;],&quot;motion_fx_translateY_speed&quot;:{&quot;unit&quot;:&quot;px&quot;,&quot;size&quot;:4,&quot;sizes&quot;:[]},&quot;motion_fx_translateY_affectedRange&quot;:{&quot;unit&quot;:&quot;%&quot;,&quot;size&quot;:&quot;&quot;,&quot;sizes&quot;:{&quot;start&quot;:0,&quot;end&quot;:100}}}\">\n\t\t\t<div class=\"elementor-widget-wrap elementor-element-populated\">\n\t\t\t\t\t\t\t\t<div class=\"elementor-element elementor-element-514e8beb elementor-view-framed elementor-shape-circle elementor-widget elementor-widget-icon\" data-id=\"514e8beb\" data-element_type=\"widget\" data-widget_type=\"icon.default\">\n\t\t\t\t<div class=\"elementor-widget-container\">\n\t\t\t\t\t<div class=\"elementor-icon-wrapper\">\n\t\t\t<div class=\"elementor-icon\">\n\t\t\t<svg xmlns=\"http:\/\/www.w3.org\/2000\/svg\" id=\"Capa_1\" height=\"512\" viewBox=\"0 0 512 512\" width=\"512\"><path d=\"m361 422v81.21l81.21-81.21zm-240-362v452h210v-120h120v-332z\"><\/path><path d=\"m61 0v452h30v-422h300v-30z\"><\/path><\/svg>\t\t\t<\/div>\n\t\t<\/div>\n\t\t\t\t<\/div>\n\t\t\t\t<\/div>\n\t\t\t\t\t<\/div>\n\t\t<\/div>\n\t\t\t\t\t\t\t<\/div>\n\t\t<\/section>\n\t\t\t\t\t\t\t<\/div>\n\t\t","protected":false},"excerpt":{"rendered":"<p>Ertr\u00e4ge flie\u00dfen bei uns in die F\u00f6rderung \u2013 nicht in die Verwaltung Wie die Studienstiftung H\u00fctte Stuttgart organisiert ist Um den Verwaltungsaufwand m\u00f6glichst klein zu halten setzen wir auf die bestehende und bew\u00e4hrte Organisation des bereits als gemeinn\u00fctzig anerkannten Akademischen Vereins H\u00fctte Stuttgart. Diese 1870 gegr\u00fcndete akademische Vereinigung verfolgt seit ihrer Gr\u00fcndung eine mit der [&hellip;]<\/p>\n","protected":false},"author":1,"featured_media":0,"parent":0,"menu_order":0,"comment_status":"closed","ping_status":"closed","template":"elementor_header_footer","meta":{"footnotes":""},"_links":{"self":[{"href":"https:\/\/studienstiftung.kd-files.de\/index.php?rest_route=\/wp\/v2\/pages\/57"}],"collection":[{"href":"https:\/\/studienstiftung.kd-files.de\/index.php?rest_route=\/wp\/v2\/pages"}],"about":[{"href":"https:\/\/studienstiftung.kd-files.de\/index.php?rest_route=\/wp\/v2\/types\/page"}],"author":[{"embeddable":true,"href":"https:\/\/studienstiftung.kd-files.de\/index.php?rest_route=\/wp\/v2\/users\/1"}],"replies":[{"embeddable":true,"href":"https:\/\/studienstiftung.kd-files.de\/index.php?rest_route=%2Fwp%2Fv2%2Fcomments&post=57"}],"version-history":[{"count":31,"href":"https:\/\/studienstiftung.kd-files.de\/index.php?rest_route=\/wp\/v2\/pages\/57\/revisions"}],"predecessor-version":[{"id":275,"href":"https:\/\/studienstiftung.kd-files.de\/index.php?rest_route=\/wp\/v2\/pages\/57\/revisions\/275"}],"wp:attachment":[{"href":"https:\/\/studienstiftung.kd-files.de\/index.php?rest_route=%2Fwp%2Fv2%2Fmedia&parent=57"}],"curies":[{"name":"wp","href":"https:\/\/api.w.org\/{rel}","templated":true}]}}