{"id":34,"date":"2022-10-05T16:08:51","date_gmt":"2022-10-05T14:08:51","guid":{"rendered":"https:\/\/studienstiftung.kd-files.de\/?page_id=34"},"modified":"2023-10-24T11:20:39","modified_gmt":"2023-10-24T09:20:39","slug":"home","status":"publish","type":"page","link":"https:\/\/studienstiftung.kd-files.de\/","title":{"rendered":"Home"},"content":{"rendered":"\t\t<div data-elementor-type=\"wp-page\" data-elementor-id=\"34\" class=\"elementor elementor-34\" data-elementor-post-type=\"page\">\n\t\t\t\t\t\t\t\t\t<section class=\"elementor-section elementor-top-section elementor-element elementor-element-1661595 elementor-section-height-min-height elementor-section-boxed elementor-section-height-default elementor-section-items-middle\" data-id=\"1661595\" data-element_type=\"section\" data-settings=\"{&quot;background_background&quot;:&quot;classic&quot;}\">\n\t\t\t\t\t\t<div class=\"elementor-container elementor-column-gap-no\">\n\t\t\t\t\t<div class=\"elementor-column elementor-col-100 elementor-top-column elementor-element elementor-element-ef18058\" data-id=\"ef18058\" data-element_type=\"column\" data-settings=\"{&quot;background_background&quot;:&quot;classic&quot;}\">\n\t\t\t<div class=\"elementor-widget-wrap elementor-element-populated\">\n\t\t\t\t\t\t\t\t<div class=\"elementor-element elementor-element-b69e910 elementor-widget elementor-widget-heading\" data-id=\"b69e910\" data-element_type=\"widget\" data-widget_type=\"heading.default\">\n\t\t\t\t<div class=\"elementor-widget-container\">\n\t\t\t<style>\/*! elementor - v3.17.0 - 25-10-2023 *\/\n.elementor-heading-title{padding:0;margin:0;line-height:1}.elementor-widget-heading .elementor-heading-title[class*=elementor-size-]>a{color:inherit;font-size:inherit;line-height:inherit}.elementor-widget-heading .elementor-heading-title.elementor-size-small{font-size:15px}.elementor-widget-heading .elementor-heading-title.elementor-size-medium{font-size:19px}.elementor-widget-heading .elementor-heading-title.elementor-size-large{font-size:29px}.elementor-widget-heading .elementor-heading-title.elementor-size-xl{font-size:39px}.elementor-widget-heading .elementor-heading-title.elementor-size-xxl{font-size:59px}<\/style><h2 class=\"elementor-heading-title elementor-size-default\">Akademischer Nachwuchs. Eine Investition in die Zukunft unserer Gesellschaft. Eine Aufgabe, der wir uns stellen.<\/h2>\t\t<\/div>\n\t\t\t\t<\/div>\n\t\t\t\t\t<\/div>\n\t\t<\/div>\n\t\t\t\t\t\t\t<\/div>\n\t\t<\/section>\n\t\t\t\t<section class=\"elementor-section elementor-top-section elementor-element elementor-element-832908a elementor-section-boxed elementor-section-height-default elementor-section-height-default\" data-id=\"832908a\" data-element_type=\"section\" data-settings=\"{&quot;background_background&quot;:&quot;video&quot;}\">\n\t\t\t\t\t\t<div class=\"elementor-container elementor-column-gap-default\">\n\t\t\t\t\t<div class=\"elementor-column elementor-col-100 elementor-top-column elementor-element elementor-element-7320d7f\" data-id=\"7320d7f\" data-element_type=\"column\">\n\t\t\t<div class=\"elementor-widget-wrap\">\n\t\t\t\t\t\t\t\t\t<\/div>\n\t\t<\/div>\n\t\t\t\t\t\t\t<\/div>\n\t\t<\/section>\n\t\t\t\t<section class=\"elementor-section elementor-top-section elementor-element elementor-element-adf4d7a elementor-reverse-mobile elementor-section-boxed elementor-section-height-default elementor-section-height-default\" data-id=\"adf4d7a\" data-element_type=\"section\">\n\t\t\t\t\t\t<div class=\"elementor-container elementor-column-gap-default\">\n\t\t\t\t\t<div class=\"elementor-column elementor-col-50 elementor-top-column elementor-element elementor-element-3a2483a\" data-id=\"3a2483a\" data-element_type=\"column\">\n\t\t\t<div class=\"elementor-widget-wrap elementor-element-populated\">\n\t\t\t\t\t\t\t\t<div class=\"elementor-element elementor-element-e913ea3 elementor-widget elementor-widget-heading\" data-id=\"e913ea3\" data-element_type=\"widget\" data-widget_type=\"heading.default\">\n\t\t\t\t<div class=\"elementor-widget-container\">\n\t\t\t<h2 class=\"elementor-heading-title elementor-size-default\">F\u00f6rdern Sie mit uns den akademischen Nachwuchs<\/h2>\t\t<\/div>\n\t\t\t\t<\/div>\n\t\t\t\t<div class=\"elementor-element elementor-element-d4f37c2 elementor-widget elementor-widget-text-editor\" data-id=\"d4f37c2\" data-element_type=\"widget\" data-widget_type=\"text-editor.default\">\n\t\t\t\t<div class=\"elementor-widget-container\">\n\t\t\t<style>\/*! elementor - v3.17.0 - 25-10-2023 *\/\n.elementor-widget-text-editor.elementor-drop-cap-view-stacked .elementor-drop-cap{background-color:#69727d;color:#fff}.elementor-widget-text-editor.elementor-drop-cap-view-framed .elementor-drop-cap{color:#69727d;border:3px solid;background-color:transparent}.elementor-widget-text-editor:not(.elementor-drop-cap-view-default) .elementor-drop-cap{margin-top:8px}.elementor-widget-text-editor:not(.elementor-drop-cap-view-default) .elementor-drop-cap-letter{width:1em;height:1em}.elementor-widget-text-editor .elementor-drop-cap{float:left;text-align:center;line-height:1;font-size:50px}.elementor-widget-text-editor .elementor-drop-cap-letter{display:inline-block}<\/style>\t\t\t\t<p>Akademikerf\u00f6rderung ist die beste Investition in unsere Zukunft. Wir wollen, dass Akademiker nachwachsen, deren sp\u00e4teres Leben durch Engagement, Ehrlichkeit und Verantwortung gegen\u00fcber der Gesellschaft gepr\u00e4gt wird. Deshalb unterst\u00fctzen wir engagierte Studierende w\u00e4hrend ihres Studiums und auf dem Weg in den Beruf. Denn darin liegt unsere gemeinsame Zukunft!<\/p>\t\t\t\t\t\t<\/div>\n\t\t\t\t<\/div>\n\t\t\t\t\t<\/div>\n\t\t<\/div>\n\t\t\t\t<div class=\"elementor-column elementor-col-50 elementor-top-column elementor-element elementor-element-30d46c9\" data-id=\"30d46c9\" data-element_type=\"column\" data-settings=\"{&quot;motion_fx_motion_fx_scrolling&quot;:&quot;yes&quot;,&quot;motion_fx_translateY_effect&quot;:&quot;yes&quot;,&quot;motion_fx_devices&quot;:[&quot;desktop&quot;,&quot;tablet&quot;],&quot;motion_fx_translateY_speed&quot;:{&quot;unit&quot;:&quot;px&quot;,&quot;size&quot;:4,&quot;sizes&quot;:[]},&quot;motion_fx_translateY_affectedRange&quot;:{&quot;unit&quot;:&quot;%&quot;,&quot;size&quot;:&quot;&quot;,&quot;sizes&quot;:{&quot;start&quot;:0,&quot;end&quot;:100}}}\">\n\t\t\t<div class=\"elementor-widget-wrap elementor-element-populated\">\n\t\t\t\t\t\t\t\t<div class=\"elementor-element elementor-element-bafe674 elementor-view-framed elementor-shape-circle elementor-widget elementor-widget-icon\" data-id=\"bafe674\" data-element_type=\"widget\" data-widget_type=\"icon.default\">\n\t\t\t\t<div class=\"elementor-widget-container\">\n\t\t\t\t\t<div class=\"elementor-icon-wrapper\">\n\t\t\t<div class=\"elementor-icon\">\n\t\t\t<svg xmlns=\"http:\/\/www.w3.org\/2000\/svg\" height=\"512pt\" viewBox=\"0 0 512 512.00088\" width=\"512pt\"><path d=\"m175.667969 227.066406h160.664062c8.285157 0 15-6.714844 15-15 0-52.652344-42.679687-95.332031-95.332031-95.332031-52.648438 0-95.332031 42.679687-95.332031 95.332031 0 8.285156 6.714843 15 15 15zm0 0\"><\/path><path d=\"m256 116.734375c32.183594 0 58.367188-26.183594 58.367188-58.367187 0-32.183594-26.183594-58.367188-58.367188-58.367188s-58.367188 26.183594-58.367188 58.367188c0 32.183593 26.183594 58.367187 58.367188 58.367187zm0 0\"><\/path><path d=\"m511.125 234.859375c-.800781-2.265625-2.214844-4.265625-3.933594-5.949219-21.382812-20.972656-54.886718-19.46875-75.117187.761719l-117.269531 117.269531c-2.8125 2.8125-6.625 4.394532-10.605469 4.394532h-79.910157c-8.074218 0-15.027343-6.207032-15.40625-14.277344-.40625-8.613282 6.457032-15.722656 14.984376-15.722656h67.90625c3.976562 0 7.792968-1.582032 10.609374-4.394532l41.09375-41.09375c6.929688-6.933594 2.019532-18.78125-7.777343-18.78125h-142.816407c-25.464843 0-49.40625 9.917969-67.410156 27.925782l-24.988281 24.984374 105.621094 105.625h130.226562c3.980469 0 7.792969-1.582031 10.605469-4.394531l160.667969-160.667969c4.003906-4 5.511719-10.050781 3.519531-15.679687zm0 0\"><\/path><path d=\"m73.808594 325.726562c-5.859375-5.855468-15.359375-5.855468-21.214844 0l-48.199219 48.199219c-5.859375 5.859375-5.859375 15.355469 0 21.214844l112.464844 112.464844c5.859375 5.859375 15.355469 5.863281 21.214844 0l48.199219-48.199219c5.859374-5.855469 5.859374-15.355469 0-21.210938zm0 0\"><\/path><\/svg>\t\t\t<\/div>\n\t\t<\/div>\n\t\t\t\t<\/div>\n\t\t\t\t<\/div>\n\t\t\t\t\t<\/div>\n\t\t<\/div>\n\t\t\t\t\t\t\t<\/div>\n\t\t<\/section>\n\t\t\t\t<section class=\"elementor-section elementor-top-section elementor-element elementor-element-5256be9 elementor-section-boxed elementor-section-height-default elementor-section-height-default\" data-id=\"5256be9\" data-element_type=\"section\" data-settings=\"{&quot;background_background&quot;:&quot;classic&quot;}\">\n\t\t\t\t\t\t<div class=\"elementor-container elementor-column-gap-default\">\n\t\t\t\t\t<div class=\"elementor-column elementor-col-50 elementor-top-column elementor-element elementor-element-2453813\" data-id=\"2453813\" data-element_type=\"column\" data-settings=\"{&quot;motion_fx_motion_fx_scrolling&quot;:&quot;yes&quot;,&quot;motion_fx_translateY_effect&quot;:&quot;yes&quot;,&quot;motion_fx_devices&quot;:[&quot;desktop&quot;,&quot;tablet&quot;],&quot;motion_fx_translateY_speed&quot;:{&quot;unit&quot;:&quot;px&quot;,&quot;size&quot;:4,&quot;sizes&quot;:[]},&quot;motion_fx_translateY_affectedRange&quot;:{&quot;unit&quot;:&quot;%&quot;,&quot;size&quot;:&quot;&quot;,&quot;sizes&quot;:{&quot;start&quot;:0,&quot;end&quot;:100}}}\">\n\t\t\t<div class=\"elementor-widget-wrap elementor-element-populated\">\n\t\t\t\t\t\t\t\t<div class=\"elementor-element elementor-element-aca783c elementor-view-framed elementor-shape-circle elementor-widget elementor-widget-icon\" data-id=\"aca783c\" data-element_type=\"widget\" data-widget_type=\"icon.default\">\n\t\t\t\t<div class=\"elementor-widget-container\">\n\t\t\t\t\t<div class=\"elementor-icon-wrapper\">\n\t\t\t<div class=\"elementor-icon\">\n\t\t\t<svg xmlns=\"http:\/\/www.w3.org\/2000\/svg\" xmlns:xlink=\"http:\/\/www.w3.org\/1999\/xlink\" id=\"Capa_1\" x=\"0px\" y=\"0px\" viewBox=\"0 0 512.014 512.014\" style=\"enable-background:new 0 0 512.014 512.014;\" xml:space=\"preserve\"><g>\t<g>\t\t<path d=\"M510.795,57.902c-2.464-5.984-8.32-9.888-14.784-9.888h-32v-32c0-6.464-3.904-12.32-9.888-14.784   c-5.952-2.496-12.832-1.12-17.44,3.456l-48,48c-2.976,3.008-4.672,7.072-4.672,11.328v41.376L212.683,276.686   c-6.24,6.24-6.24,16.384,0,22.624c3.136,3.136,7.232,4.704,11.328,4.704s8.192-1.568,11.328-4.672l171.296-171.328h41.376   c4.256,0,8.32-1.696,11.328-4.672l48-48C511.883,70.734,513.259,63.886,510.795,57.902z\"><\/path>\t<\/g><\/g><g>\t<g>\t\t<path d=\"M342.027,238.574l-54.56,54.752c-2.72,32.832-29.92,58.688-63.456,58.688c-35.36,0-64-28.64-64-64   c0-34.208,26.912-61.92,60.672-63.68l53.728-53.92c-15.488-6.656-32.48-10.4-50.4-10.4c-70.592,0-128,57.408-128,128   s57.408,128,128,128s128-57.408,128-128C352.011,270.478,348.427,253.806,342.027,238.574z\"><\/path>\t<\/g><\/g><g>\t<g>\t\t<path d=\"M412.715,167.662l-47.168,47.328c11.392,21.984,18.464,46.592,18.464,73.024c0,88.224-71.776,160-160,160   s-160-71.776-160-160s71.776-160,160-160c26.784,0,51.648,7.232,73.856,18.912l47.104-47.264   c-34.912-22.464-76.384-35.648-120.96-35.648c-123.712,0-224,100.288-224,224s100.288,224,224,224s224-100.288,224-224   C448.011,243.662,434.955,202.446,412.715,167.662z\"><\/path>\t<\/g><\/g><g><\/g><g><\/g><g><\/g><g><\/g><g><\/g><g><\/g><g><\/g><g><\/g><g><\/g><g><\/g><g><\/g><g><\/g><g><\/g><g><\/g><g><\/g><\/svg>\t\t\t<\/div>\n\t\t<\/div>\n\t\t\t\t<\/div>\n\t\t\t\t<\/div>\n\t\t\t\t\t<\/div>\n\t\t<\/div>\n\t\t\t\t<div class=\"elementor-column elementor-col-50 elementor-top-column elementor-element elementor-element-8a0e5d6\" data-id=\"8a0e5d6\" data-element_type=\"column\">\n\t\t\t<div class=\"elementor-widget-wrap elementor-element-populated\">\n\t\t\t\t\t\t\t\t<div class=\"elementor-element elementor-element-8a6ca20 elementor-widget elementor-widget-heading\" data-id=\"8a6ca20\" data-element_type=\"widget\" data-widget_type=\"heading.default\">\n\t\t\t\t<div class=\"elementor-widget-container\">\n\t\t\t<h2 class=\"elementor-heading-title elementor-size-default\">Die Ziele der Studienstiftung H\u00fctte Stuttgart<\/h2>\t\t<\/div>\n\t\t\t\t<\/div>\n\t\t\t\t<div class=\"elementor-element elementor-element-d15b0ce elementor-widget elementor-widget-text-editor\" data-id=\"d15b0ce\" data-element_type=\"widget\" data-widget_type=\"text-editor.default\">\n\t\t\t\t<div class=\"elementor-widget-container\">\n\t\t\t\t\t\t\t<p>Wir wollen aktiv unseren Teil dazu beitragen, den akademischen Nachwuchs in Deutschland zu f\u00f6rdern, bef\u00e4higen und ermutigen, in unserer Gesellschaft Vorbildfunktion und Verantwortung zu \u00fcbernehmen. Unsere Stipendiatinnen und Stipendiaten sollen sich insofern als Elite f\u00fchlen, als sie Anspr\u00fcche nicht an andere stellen, sondern an sich selbst zu Gunsten einer Gemeinschaft und der Gesellschaft.<\/p>\t\t\t\t\t\t<\/div>\n\t\t\t\t<\/div>\n\t\t\t\t\t<\/div>\n\t\t<\/div>\n\t\t\t\t\t\t\t<\/div>\n\t\t<\/section>\n\t\t\t\t<section class=\"elementor-section elementor-top-section elementor-element elementor-element-0206613 elementor-reverse-mobile elementor-section-boxed elementor-section-height-default elementor-section-height-default\" data-id=\"0206613\" data-element_type=\"section\">\n\t\t\t\t\t\t<div class=\"elementor-container elementor-column-gap-default\">\n\t\t\t\t\t<div class=\"elementor-column elementor-col-50 elementor-top-column elementor-element elementor-element-037ebaa\" data-id=\"037ebaa\" data-element_type=\"column\">\n\t\t\t<div class=\"elementor-widget-wrap elementor-element-populated\">\n\t\t\t\t\t\t\t\t<div class=\"elementor-element elementor-element-968510d elementor-widget elementor-widget-heading\" data-id=\"968510d\" data-element_type=\"widget\" data-widget_type=\"heading.default\">\n\t\t\t\t<div class=\"elementor-widget-container\">\n\t\t\t<h2 class=\"elementor-heading-title elementor-size-default\">So f\u00f6rdern wir<\/h2>\t\t<\/div>\n\t\t\t\t<\/div>\n\t\t\t\t<div class=\"elementor-element elementor-element-6b10998 elementor-widget elementor-widget-text-editor\" data-id=\"6b10998\" data-element_type=\"widget\" data-widget_type=\"text-editor.default\">\n\t\t\t\t<div class=\"elementor-widget-container\">\n\t\t\t\t\t\t\t<p>Die Grundidee unserer F\u00f6rderung ist die Unterst\u00fctzung von eigenen Initiativen. Wir erwarten von unseren Stipendiatinnen und Stipendiaten Engagement und den Willen, sich weiter zu entwickeln, Erfahrungen zu sammeln und auch den Mut, selbst etwas auszuprobieren. Daf\u00fcr bieten wir einen materiellen Rahmen und idelle Unterst\u00fctzung. Deshalb f\u00f6rdern wir studentische Veranstaltungen, Exkursionen und Seminare, die helfen, Werte wie Fairness, Toleranz, Respekt und Freiheit von Vorurteilen zu vermitteln. Aber auch F\u00e4higkeiten wie Organisation, Argumentation, Pr\u00e4sentation und Diskussion.<\/p><p>Dar\u00fcber hinaus unterst\u00fctzen wir wissenschaftliche Arbeiten &#8211; sei es durch Zusch\u00fcsse f\u00fcr Ver\u00f6ffentlichungen oder \u00dcbernahme von Sachkosten. In einzelnen Bedarfsf\u00e4llen tragen wir auch finanziell zum Lebensunterhalt unserer Stipendiatinnen und Stipendiaten bei.<\/p>\t\t\t\t\t\t<\/div>\n\t\t\t\t<\/div>\n\t\t\t\t\t<\/div>\n\t\t<\/div>\n\t\t\t\t<div class=\"elementor-column elementor-col-50 elementor-top-column elementor-element elementor-element-eafbcd7\" data-id=\"eafbcd7\" data-element_type=\"column\" data-settings=\"{&quot;motion_fx_motion_fx_scrolling&quot;:&quot;yes&quot;,&quot;motion_fx_translateY_effect&quot;:&quot;yes&quot;,&quot;motion_fx_devices&quot;:[&quot;desktop&quot;,&quot;tablet&quot;],&quot;motion_fx_translateY_speed&quot;:{&quot;unit&quot;:&quot;px&quot;,&quot;size&quot;:4,&quot;sizes&quot;:[]},&quot;motion_fx_translateY_affectedRange&quot;:{&quot;unit&quot;:&quot;%&quot;,&quot;size&quot;:&quot;&quot;,&quot;sizes&quot;:{&quot;start&quot;:0,&quot;end&quot;:100}}}\">\n\t\t\t<div class=\"elementor-widget-wrap elementor-element-populated\">\n\t\t\t\t\t\t\t\t<div class=\"elementor-element elementor-element-f1685d8 elementor-view-framed elementor-shape-circle elementor-widget elementor-widget-icon\" data-id=\"f1685d8\" data-element_type=\"widget\" data-widget_type=\"icon.default\">\n\t\t\t\t<div class=\"elementor-widget-container\">\n\t\t\t\t\t<div class=\"elementor-icon-wrapper\">\n\t\t\t<div class=\"elementor-icon\">\n\t\t\t<svg xmlns=\"http:\/\/www.w3.org\/2000\/svg\" xmlns:xlink=\"http:\/\/www.w3.org\/1999\/xlink\" id=\"Capa_1\" x=\"0px\" y=\"0px\" viewBox=\"0 0 486 486\" style=\"enable-background:new 0 0 486 486;\" xml:space=\"preserve\"><g>\t<path id=\"XMLID_49_\" d=\"M298.4,424.7v14.2c0,11.3-8.3,20.7-19.1,22.3l-3.5,12.9c-1.9,7-8.2,11.9-15.5,11.9h-34.7  c-7.3,0-13.6-4.9-15.5-11.9l-3.4-12.9c-10.9-1.7-19.2-11-19.2-22.4v-14.2c0-7.6,6.1-13.7,13.7-13.7h83.5  C292.3,411,298.4,417.1,298.4,424.7z M362.7,233.3c0,32.3-12.8,61.6-33.6,83.1c-15.8,16.4-26,37.3-29.4,59.6  c-1.5,9.6-9.8,16.7-19.6,16.7h-74.3c-9.7,0-18.1-7-19.5-16.6c-3.5-22.3-13.8-43.5-29.6-59.8c-20.4-21.2-33.1-50-33.4-81.7  c-0.7-66.6,52.3-120.5,118.9-121C308.7,113.1,362.7,166.9,362.7,233.3z M256.5,160.8c0-7.4-6-13.5-13.5-13.5  c-47.6,0-86.4,38.7-86.4,86.4c0,7.4,6,13.5,13.5,13.5c7.4,0,13.5-6,13.5-13.5c0-32.8,26.7-59.4,59.4-59.4  C250.5,174.3,256.5,168.3,256.5,160.8z M243,74.3c7.4,0,13.5-6,13.5-13.5V13.5c0-7.4-6-13.5-13.5-13.5s-13.5,6-13.5,13.5v47.3  C229.5,68.3,235.6,74.3,243,74.3z M84.1,233.2c0-7.4-6-13.5-13.5-13.5H23.3c-7.4,0-13.5,6-13.5,13.5c0,7.4,6,13.5,13.5,13.5h47.3  C78.1,246.7,84.1,240.7,84.1,233.2z M462.7,219.7h-47.3c-7.4,0-13.5,6-13.5,13.5c0,7.4,6,13.5,13.5,13.5h47.3  c7.4,0,13.5-6,13.5-13.5C476.2,225.8,470.2,219.7,462.7,219.7z M111.6,345.6l-33.5,33.5c-5.3,5.3-5.3,13.8,0,19.1  c2.6,2.6,6.1,3.9,9.5,3.9s6.9-1.3,9.5-3.9l33.5-33.5c5.3-5.3,5.3-13.8,0-19.1C125.4,340.3,116.8,340.3,111.6,345.6z M364.9,124.8  c3.4,0,6.9-1.3,9.5-3.9l33.5-33.5c5.3-5.3,5.3-13.8,0-19.1c-5.3-5.3-13.8-5.3-19.1,0l-33.5,33.5c-5.3,5.3-5.3,13.8,0,19.1  C358,123.5,361.4,124.8,364.9,124.8z M111.6,120.8c2.6,2.6,6.1,3.9,9.5,3.9s6.9-1.3,9.5-3.9c5.3-5.3,5.3-13.8,0-19.1L97.1,68.2  c-5.3-5.3-13.8-5.3-19.1,0c-5.3,5.3-5.3,13.8,0,19.1L111.6,120.8z M374.4,345.6c-5.3-5.3-13.8-5.3-19.1,0c-5.3,5.3-5.3,13.8,0,19.1  l33.5,33.5c2.6,2.6,6.1,3.9,9.5,3.9s6.9-1.3,9.5-3.9c5.3-5.3,5.3-13.8,0-19.1L374.4,345.6z\"><\/path><\/g><g><\/g><g><\/g><g><\/g><g><\/g><g><\/g><g><\/g><g><\/g><g><\/g><g><\/g><g><\/g><g><\/g><g><\/g><g><\/g><g><\/g><g><\/g><\/svg>\t\t\t<\/div>\n\t\t<\/div>\n\t\t\t\t<\/div>\n\t\t\t\t<\/div>\n\t\t\t\t\t<\/div>\n\t\t<\/div>\n\t\t\t\t\t\t\t<\/div>\n\t\t<\/section>\n\t\t\t\t<section class=\"elementor-section elementor-top-section elementor-element elementor-element-36118e8 elementor-section-boxed elementor-section-height-default elementor-section-height-default\" data-id=\"36118e8\" data-element_type=\"section\">\n\t\t\t\t\t\t<div class=\"elementor-container elementor-column-gap-default\">\n\t\t\t\t\t<div class=\"elementor-column elementor-col-50 elementor-top-column elementor-element elementor-element-dee0f42\" data-id=\"dee0f42\" data-element_type=\"column\">\n\t\t\t<div class=\"elementor-widget-wrap\">\n\t\t\t\t\t\t\t\t\t<\/div>\n\t\t<\/div>\n\t\t\t\t<div class=\"elementor-column elementor-col-50 elementor-top-column elementor-element elementor-element-ef3943a\" data-id=\"ef3943a\" data-element_type=\"column\">\n\t\t\t<div class=\"elementor-widget-wrap\">\n\t\t\t\t\t\t\t\t\t<\/div>\n\t\t<\/div>\n\t\t\t\t\t\t\t<\/div>\n\t\t<\/section>\n\t\t\t\t\t\t\t<\/div>\n\t\t","protected":false},"excerpt":{"rendered":"<p>Akademischer Nachwuchs. Eine Investition in die Zukunft unserer Gesellschaft. Eine Aufgabe, der wir uns stellen. F\u00f6rdern Sie mit uns den akademischen Nachwuchs Akademikerf\u00f6rderung ist die beste Investition in unsere Zukunft. Wir wollen, dass Akademiker nachwachsen, deren sp\u00e4teres Leben durch Engagement, Ehrlichkeit und Verantwortung gegen\u00fcber der Gesellschaft gepr\u00e4gt wird. Deshalb unterst\u00fctzen wir engagierte Studierende w\u00e4hrend ihres [&hellip;]<\/p>\n","protected":false},"author":1,"featured_media":0,"parent":0,"menu_order":0,"comment_status":"closed","ping_status":"closed","template":"elementor_header_footer","meta":{"footnotes":""},"_links":{"self":[{"href":"https:\/\/studienstiftung.kd-files.de\/index.php?rest_route=\/wp\/v2\/pages\/34"}],"collection":[{"href":"https:\/\/studienstiftung.kd-files.de\/index.php?rest_route=\/wp\/v2\/pages"}],"about":[{"href":"https:\/\/studienstiftung.kd-files.de\/index.php?rest_route=\/wp\/v2\/types\/page"}],"author":[{"embeddable":true,"href":"https:\/\/studienstiftung.kd-files.de\/index.php?rest_route=\/wp\/v2\/users\/1"}],"replies":[{"embeddable":true,"href":"https:\/\/studienstiftung.kd-files.de\/index.php?rest_route=%2Fwp%2Fv2%2Fcomments&post=34"}],"version-history":[{"count":51,"href":"https:\/\/studienstiftung.kd-files.de\/index.php?rest_route=\/wp\/v2\/pages\/34\/revisions"}],"predecessor-version":[{"id":292,"href":"https:\/\/studienstiftung.kd-files.de\/index.php?rest_route=\/wp\/v2\/pages\/34\/revisions\/292"}],"wp:attachment":[{"href":"https:\/\/studienstiftung.kd-files.de\/index.php?rest_route=%2Fwp%2Fv2%2Fmedia&parent=34"}],"curies":[{"name":"wp","href":"https:\/\/api.w.org\/{rel}","templated":true}]}}